{"id":63,"date":"2021-03-18T12:42:36","date_gmt":"2021-03-18T12:42:36","guid":{"rendered":"https:\/\/www.dev.elsrochette.brussels\/?page_id=63"},"modified":"2024-05-13T09:35:46","modified_gmt":"2024-05-13T09:35:46","slug":"over-mij","status":"publish","type":"page","link":"https:\/\/www.elsrochette.brussels\/fr\/over-mij\/","title":{"rendered":"Qui suis-je"},"content":{"rendered":"<div class=\"wp-block-columns is-layout-flex wp-container-core-columns-is-layout-9d6595d7 wp-block-columns-is-layout-flex\">\n<div class=\"wp-block-column is-vertically-aligned-center is-layout-flow wp-block-column-is-layout-flow\" style=\"flex-basis:75%\">\n<h2 class=\"wp-block-heading\">Je suis de nature optimiste, mais pas aveugle \u00e0 la r\u00e9alit\u00e9.<\/h2>\n\n\n\n<p>J'ai une formation et une exp\u00e9rience pratique significative dans le domaine social et socio-artistique. Elle a commenc\u00e9 comme travailleuse de rue et a longtemps \u00e9t\u00e9 directrice artistique de Globe Aroma, un lieu de travail et de rencontre pour les artistes \u00e0 Bruxelles. Globe Aroma est une maison d'art ouverte aux artistes et aux amateurs d'art qui sont r\u00e9fugi\u00e9s ou primo-arrivants.&nbsp;&nbsp;<\/p>\n\n\n\n<blockquote class=\"wp-block-quote is-layout-flow wp-block-quote-is-layout-flow\">\n<p>Les droits humains pour tous, c\u2019est pourquoi je me bats. \u00c0 Bruxelles est une ville cosmopolite et c'est une richesse \u00e9norme. Pourtant, trop de Bruxellois n'ont pas acc\u00e8s au logement et \u00e0 l'emploi, ou sont confront\u00e9s \u00e0 la violence polici\u00e8re, au racisme ou \u00e0 la discrimination.<\/p>\n<\/blockquote>\n\n\n\n<p>Il est inadmissible que des gens soient laiss\u00e9s \u00e0 la rue dans notre ville. C\u2019est pour eux que je fais entendre ma voix, pour ces Bruxellois qu\u2019on abandonne et qu\u2019on entend trop rarement.&nbsp;<\/p>\n\n\n\n<blockquote class=\"wp-block-quote is-layout-flow wp-block-quote-is-layout-flow\">\n<p>De nombreux Bruxellois sont mal log\u00e9s, ont des emplois pr\u00e9caires, des probl\u00e8mes de sant\u00e9 et des difficult\u00e9s financi\u00e8res... Ils ont besoin d'une attention particuli\u00e8re. Nous devons \u00eatre vigilants en adoptant de nouvelles r\u00e8gles afin qu'elles n'amplifient pas les in\u00e9galit\u00e9s existantes. L\u2019expertise des organisations de terrain est inestimable. Nous devons les prot\u00e9ger. Enfin, il faut une unit\u00e9 de commandement, sur tous les fronts.<\/p>\n<\/blockquote>\n<\/div>\n\n\n\n<div class=\"wp-block-column is-layout-flow wp-block-column-is-layout-flow\">\n<figure class=\"wp-block-image size-large\"><img decoding=\"async\" width=\"700\" height=\"1050\" src=\"https:\/\/www.elsrochette.brussels\/wp-content\/uploads\/2024\/05\/FBP_8472-700x1050.jpg\" alt=\"\" class=\"wp-image-4280\" srcset=\"https:\/\/www.elsrochette.brussels\/wp-content\/uploads\/2024\/05\/FBP_8472-700x1050.jpg 700w, https:\/\/www.elsrochette.brussels\/wp-content\/uploads\/2024\/05\/FBP_8472-250x375.jpg 250w, https:\/\/www.elsrochette.brussels\/wp-content\/uploads\/2024\/05\/FBP_8472-768x1152.jpg 768w, https:\/\/www.elsrochette.brussels\/wp-content\/uploads\/2024\/05\/FBP_8472-1024x1536.jpg 1024w, https:\/\/www.elsrochette.brussels\/wp-content\/uploads\/2024\/05\/FBP_8472-1365x2048.jpg 1365w, https:\/\/www.elsrochette.brussels\/wp-content\/uploads\/2024\/05\/FBP_8472-8x12.jpg 8w, https:\/\/www.elsrochette.brussels\/wp-content\/uploads\/2024\/05\/FBP_8472-120x180.jpg 120w, https:\/\/www.elsrochette.brussels\/wp-content\/uploads\/2024\/05\/FBP_8472-1200x1800.jpg 1200w, https:\/\/www.elsrochette.brussels\/wp-content\/uploads\/2024\/05\/FBP_8472.jpg 1653w\" sizes=\"(max-width: 700px) 100vw, 700px\" \/><\/figure>\n<\/div>\n<\/div>\n\n\n\n<figure class=\"wp-block-pullquote is-style-default\"><blockquote><p>La s\u00e9curit\u00e9 est un droit pour tous les Bruxellois. La police et la Justice doivent intervenir avec fermet\u00e9 quand ce droit est mis en question. Mais la r\u00e9pression seule ne r\u00e8glera pas tout. Nous devons investir aussi dans l\u2019aide sociale, dans la pr\u00e9vention, l\u2019emploi et les soins.<\/p><\/blockquote><\/figure>\n\n\n\n<div class=\"wp-block-columns is-layout-flex wp-container-core-columns-is-layout-9d6595d7 wp-block-columns-is-layout-flex\">\n<div class=\"wp-block-column is-layout-flow wp-block-column-is-layout-flow\" style=\"flex-basis:300px\">\n<figure class=\"wp-block-image size-large\"><img decoding=\"async\" width=\"700\" height=\"1050\" src=\"https:\/\/www.elsrochette.brussels\/wp-content\/uploads\/2024\/05\/FBP_5003-700x1050.jpg\" alt=\"\" class=\"wp-image-4288\" style=\"object-fit:cover\" srcset=\"https:\/\/www.elsrochette.brussels\/wp-content\/uploads\/2024\/05\/FBP_5003-700x1050.jpg 700w, https:\/\/www.elsrochette.brussels\/wp-content\/uploads\/2024\/05\/FBP_5003-250x375.jpg 250w, https:\/\/www.elsrochette.brussels\/wp-content\/uploads\/2024\/05\/FBP_5003-768x1152.jpg 768w, https:\/\/www.elsrochette.brussels\/wp-content\/uploads\/2024\/05\/FBP_5003-1024x1536.jpg 1024w, https:\/\/www.elsrochette.brussels\/wp-content\/uploads\/2024\/05\/FBP_5003-1365x2048.jpg 1365w, https:\/\/www.elsrochette.brussels\/wp-content\/uploads\/2024\/05\/FBP_5003-8x12.jpg 8w, https:\/\/www.elsrochette.brussels\/wp-content\/uploads\/2024\/05\/FBP_5003-120x180.jpg 120w, https:\/\/www.elsrochette.brussels\/wp-content\/uploads\/2024\/05\/FBP_5003-1200x1800.jpg 1200w, https:\/\/www.elsrochette.brussels\/wp-content\/uploads\/2024\/05\/FBP_5003.jpg 1653w\" sizes=\"(max-width: 700px) 100vw, 700px\" \/><\/figure>\n<\/div>\n\n\n\n<div class=\"wp-block-column is-vertically-aligned-center is-layout-flow wp-block-column-is-layout-flow\">\n<h2 class=\"wp-block-heading\">Une ville s\u00fbre&nbsp;<\/h2>\n\n\n\n<p>Pour se sentir chez soi, il faut d\u2019abord se sentir en s\u00e9curit\u00e9. Tous les Bruxellois devraient pouvoir se d\u00e9placer librement et sans crainte, de jour comme de nuit. Il faut des sanctions, car nous ne pouvons pas tol\u00e9rer l\u2019impunit\u00e9. Les victimes m\u00e9ritent le meilleur encadrement possible. Mais la pr\u00e9vention est \u00e9galement n\u00e9cessaire.<\/p>\n\n\n\n<p><\/p>\n\n\n\n<h2 class=\"wp-block-heading\">Qui je suis&nbsp;<\/h2>\n\n\n\n<p>J'ai commenc\u00e9 ma carri\u00e8re en tant qu\u2019\u00e9ducatrice de rue \u00e0 Bruxelles. Depuis 2019, je si\u00e8ge au Parlement bruxellois pour Vooruit.brussels. Je suis membre de la commission des affaires int\u00e9rieures. J'y ai port\u00e9 la r\u00e9solution visant \u00e0 am\u00e9liorer les relations entre la police et les citoyens. J'ai \u00e9galement travaill\u00e9 sur d'autres r\u00e9solutions, notamment sur les salles de consommation \u00e0 r\u00e9duction des risques pour les toxicomanes, sur le droit de vote des non-Belges et sur les toilettes publiques.&nbsp;&nbsp;<\/p>\n\n\n\n<p>Pendant mon temps libre, vous pouvez me trouver sur la Place du Jeu de Balle, dans de manifestations, de concerts, au club de basket Black Devils ou dans les tribunes de l'Union Saint-Gilloise. Je suis \u00e9galement membre de l'assembl\u00e9e g\u00e9n\u00e9rale du centre de services locaux Poutrel et membre du conseil d'administration de l'association de sans-abri Doucheflux. J'ai trois enfants. <\/p>\n<\/div>\n<\/div>\n\n\n\n<p><\/p>","protected":false},"excerpt":{"rendered":"Ik ben optimistisch van nature, maar niet blind voor de realiteit Ik heb een achtergrond en belangrijke praktijkervaring in het sociaal en sociaal-artistieke werkveld. Ik startte als straathoekwerker en was lange tijd artistiek directeur van de artistieke werk- en ontmoetingsplaats Globe Aroma in Brussel. Globe Aroma is een open kunstenhuis voor kunstenaars en kunstliefhebbers met&#8230; <a class=\"meer\" href=\"https:\/\/www.elsrochette.brussels\/fr\/over-mij\/\">Lees meer<\/a>","protected":false},"author":1,"featured_media":0,"parent":0,"menu_order":0,"comment_status":"closed","ping_status":"closed","template":"","meta":{"footnotes":""},"class_list":["post-63","page","type-page","status-publish","hentry"],"yoast_head":"<!-- This site is optimized with the Yoast SEO plugin v22.7 - https:\/\/yoast.com\/wordpress\/plugins\/seo\/ -->\n<title>Over mij - Els Rochette<\/title>\n<meta name=\"description\" content=\"Sinds 2019 ben ik volksvertegenwoordiger voor one.brussels - Vooruit. Mijn thema&#039;s in het parlement : armoede, politiegeweld, daklozen en cultuur.\" \/>\n<meta name=\"robots\" content=\"index, follow, max-snippet:-1, max-image-preview:large, max-video-preview:-1\" \/>\n<link rel=\"canonical\" href=\"https:\/\/www.elsrochette.brussels\/fr\/over-mij\/\" \/>\n<meta property=\"og:locale\" content=\"fr_FR\" \/>\n<meta property=\"og:type\" content=\"article\" \/>\n<meta property=\"og:title\" content=\"Over mij - Els Rochette\" \/>\n<meta property=\"og:description\" content=\"Sinds 2019 ben ik volksvertegenwoordiger voor one.brussels - Vooruit. Mijn thema&#039;s in het parlement : armoede, politiegeweld, daklozen en cultuur.\" \/>\n<meta property=\"og:url\" content=\"https:\/\/www.elsrochette.brussels\/fr\/over-mij\/\" \/>\n<meta property=\"og:site_name\" content=\"Els Rochette\" \/>\n<meta property=\"article:modified_time\" content=\"2024-05-13T09:35:46+00:00\" \/>\n<meta property=\"og:image\" content=\"https:\/\/www.elsrochette.brussels\/wp-content\/uploads\/2024\/05\/FBP_8472-700x1050.jpg\" \/>\n<meta name=\"twitter:card\" content=\"summary_large_image\" \/>\n<meta name=\"twitter:label1\" content=\"Dur\u00e9e de lecture est.\" \/>\n\t<meta name=\"twitter:data1\" content=\"2 minutes\" \/>\n<script type=\"application\/ld+json\" class=\"yoast-schema-graph\">{\"@context\":\"https:\/\/schema.org\",\"@graph\":[{\"@type\":\"WebPage\",\"@id\":\"https:\/\/www.elsrochette.brussels\/over-mij\/\",\"url\":\"https:\/\/www.elsrochette.brussels\/over-mij\/\",\"name\":\"Over mij - Els Rochette\",\"isPartOf\":{\"@id\":\"https:\/\/www.elsrochette.brussels\/#website\"},\"primaryImageOfPage\":{\"@id\":\"https:\/\/www.elsrochette.brussels\/over-mij\/#primaryimage\"},\"image\":{\"@id\":\"https:\/\/www.elsrochette.brussels\/over-mij\/#primaryimage\"},\"thumbnailUrl\":\"https:\/\/www.elsrochette.brussels\/wp-content\/uploads\/2024\/05\/FBP_8472-700x1050.jpg\",\"datePublished\":\"2021-03-18T12:42:36+00:00\",\"dateModified\":\"2024-05-13T09:35:46+00:00\",\"description\":\"Sinds 2019 ben ik volksvertegenwoordiger voor one.brussels - Vooruit. Mijn thema's in het parlement : armoede, politiegeweld, daklozen en cultuur.\",\"breadcrumb\":{\"@id\":\"https:\/\/www.elsrochette.brussels\/over-mij\/#breadcrumb\"},\"inLanguage\":\"fr-BE\",\"potentialAction\":[{\"@type\":\"ReadAction\",\"target\":[\"https:\/\/www.elsrochette.brussels\/over-mij\/\"]}]},{\"@type\":\"ImageObject\",\"inLanguage\":\"fr-BE\",\"@id\":\"https:\/\/www.elsrochette.brussels\/over-mij\/#primaryimage\",\"url\":\"https:\/\/www.elsrochette.brussels\/wp-content\/uploads\/2024\/05\/FBP_8472-700x1050.jpg\",\"contentUrl\":\"https:\/\/www.elsrochette.brussels\/wp-content\/uploads\/2024\/05\/FBP_8472-700x1050.jpg\"},{\"@type\":\"BreadcrumbList\",\"@id\":\"https:\/\/www.elsrochette.brussels\/over-mij\/#breadcrumb\",\"itemListElement\":[{\"@type\":\"ListItem\",\"position\":1,\"name\":\"Home\",\"item\":\"https:\/\/www.elsrochette.brussels\/\"},{\"@type\":\"ListItem\",\"position\":2,\"name\":\"Over mij\"}]},{\"@type\":\"WebSite\",\"@id\":\"https:\/\/www.elsrochette.brussels\/#website\",\"url\":\"https:\/\/www.elsrochette.brussels\/\",\"name\":\"Els Rochette\",\"description\":\"\",\"potentialAction\":[{\"@type\":\"SearchAction\",\"target\":{\"@type\":\"EntryPoint\",\"urlTemplate\":\"https:\/\/www.elsrochette.brussels\/?s={search_term_string}\"},\"query-input\":\"required name=search_term_string\"}],\"inLanguage\":\"fr-BE\"}]}<\/script>\n<!-- \/ Yoast SEO plugin. -->","yoast_head_json":{"title":"Over mij - Els Rochette","description":"Sinds 2019 ben ik volksvertegenwoordiger voor one.brussels - Vooruit. Mijn thema's in het parlement : armoede, politiegeweld, daklozen en cultuur.","robots":{"index":"index","follow":"follow","max-snippet":"max-snippet:-1","max-image-preview":"max-image-preview:large","max-video-preview":"max-video-preview:-1"},"canonical":"https:\/\/www.elsrochette.brussels\/fr\/over-mij\/","og_locale":"fr_FR","og_type":"article","og_title":"Over mij - Els Rochette","og_description":"Sinds 2019 ben ik volksvertegenwoordiger voor one.brussels - Vooruit. Mijn thema's in het parlement : armoede, politiegeweld, daklozen en cultuur.","og_url":"https:\/\/www.elsrochette.brussels\/fr\/over-mij\/","og_site_name":"Els Rochette","article_modified_time":"2024-05-13T09:35:46+00:00","og_image":[{"url":"https:\/\/www.elsrochette.brussels\/wp-content\/uploads\/2024\/05\/FBP_8472-700x1050.jpg"}],"twitter_card":"summary_large_image","twitter_misc":{"Dur\u00e9e de lecture est.":"2 minutes"},"schema":{"@context":"https:\/\/schema.org","@graph":[{"@type":"WebPage","@id":"https:\/\/www.elsrochette.brussels\/over-mij\/","url":"https:\/\/www.elsrochette.brussels\/over-mij\/","name":"Over mij - Els Rochette","isPartOf":{"@id":"https:\/\/www.elsrochette.brussels\/#website"},"primaryImageOfPage":{"@id":"https:\/\/www.elsrochette.brussels\/over-mij\/#primaryimage"},"image":{"@id":"https:\/\/www.elsrochette.brussels\/over-mij\/#primaryimage"},"thumbnailUrl":"https:\/\/www.elsrochette.brussels\/wp-content\/uploads\/2024\/05\/FBP_8472-700x1050.jpg","datePublished":"2021-03-18T12:42:36+00:00","dateModified":"2024-05-13T09:35:46+00:00","description":"Sinds 2019 ben ik volksvertegenwoordiger voor one.brussels - Vooruit. Mijn thema's in het parlement : armoede, politiegeweld, daklozen en cultuur.","breadcrumb":{"@id":"https:\/\/www.elsrochette.brussels\/over-mij\/#breadcrumb"},"inLanguage":"fr-BE","potentialAction":[{"@type":"ReadAction","target":["https:\/\/www.elsrochette.brussels\/over-mij\/"]}]},{"@type":"ImageObject","inLanguage":"fr-BE","@id":"https:\/\/www.elsrochette.brussels\/over-mij\/#primaryimage","url":"https:\/\/www.elsrochette.brussels\/wp-content\/uploads\/2024\/05\/FBP_8472-700x1050.jpg","contentUrl":"https:\/\/www.elsrochette.brussels\/wp-content\/uploads\/2024\/05\/FBP_8472-700x1050.jpg"},{"@type":"BreadcrumbList","@id":"https:\/\/www.elsrochette.brussels\/over-mij\/#breadcrumb","itemListElement":[{"@type":"ListItem","position":1,"name":"Home","item":"https:\/\/www.elsrochette.brussels\/"},{"@type":"ListItem","position":2,"name":"Over mij"}]},{"@type":"WebSite","@id":"https:\/\/www.elsrochette.brussels\/#website","url":"https:\/\/www.elsrochette.brussels\/","name":"Els Rochette","description":"","potentialAction":[{"@type":"SearchAction","target":{"@type":"EntryPoint","urlTemplate":"https:\/\/www.elsrochette.brussels\/?s={search_term_string}"},"query-input":"required name=search_term_string"}],"inLanguage":"fr-BE"}]}},"_links":{"self":[{"href":"https:\/\/www.elsrochette.brussels\/fr\/wp-json\/wp\/v2\/pages\/63","targetHints":{"allow":["GET"]}}],"collection":[{"href":"https:\/\/www.elsrochette.brussels\/fr\/wp-json\/wp\/v2\/pages"}],"about":[{"href":"https:\/\/www.elsrochette.brussels\/fr\/wp-json\/wp\/v2\/types\/page"}],"author":[{"embeddable":true,"href":"https:\/\/www.elsrochette.brussels\/fr\/wp-json\/wp\/v2\/users\/1"}],"replies":[{"embeddable":true,"href":"https:\/\/www.elsrochette.brussels\/fr\/wp-json\/wp\/v2\/comments?post=63"}],"version-history":[{"count":42,"href":"https:\/\/www.elsrochette.brussels\/fr\/wp-json\/wp\/v2\/pages\/63\/revisions"}],"predecessor-version":[{"id":4331,"href":"https:\/\/www.elsrochette.brussels\/fr\/wp-json\/wp\/v2\/pages\/63\/revisions\/4331"}],"wp:attachment":[{"href":"https:\/\/www.elsrochette.brussels\/fr\/wp-json\/wp\/v2\/media?parent=63"}],"curies":[{"name":"wp","href":"https:\/\/api.w.org\/{rel}","templated":true}]}}